{"id":10,"date":"2013-04-18T14:03:50","date_gmt":"2013-04-18T14:03:50","guid":{"rendered":"https:\/\/www.t1-stralsund.de\/blog\/?page_id=10"},"modified":"2013-06-04T19:34:33","modified_gmt":"2013-06-04T17:34:33","slug":"location","status":"publish","type":"page","link":"https:\/\/www.t1-stralsund.de\/blog\/location\/","title":{"rendered":"Location"},"content":{"rendered":"<p>2 Bars und 150 Sitzpl\u00e4tze<\/p>\n<p>Tanzfl\u00e4che, VIP-Lounge, attraktiver Raucher und Nicht-Raucherbereich, modernste Technik, Bildschirme, Leinw\u00e4nde, alles klimatisiert<\/p>\n<p>&nbsp;<\/p>\n<p>Runter vom Sofa - Rein ins T1!<\/p>\n","protected":false},"excerpt":{"rendered":"<p>2 Bars und 150 Sitzpl\u00e4tze Tanzfl\u00e4che, VIP-Lounge, attraktiver Raucher und Nicht-Raucherbereich, modernste Technik, Bildschirme, Leinw\u00e4nde, alles klimatisiert &nbsp; Runter vom Sofa &#8211; Rein ins T1!<\/p>\n","protected":false},"author":1,"featured_media":0,"parent":0,"menu_order":0,"comment_status":"closed","ping_status":"closed","template":"page-gallery.php","meta":{"ngg_post_thumbnail":0,"footnotes":""},"class_list":["post-10","page","type-page","status-publish","hentry"],"_links":{"self":[{"href":"https:\/\/www.t1-stralsund.de\/blog\/wp-json\/wp\/v2\/pages\/10","targetHints":{"allow":["GET"]}}],"collection":[{"href":"https:\/\/www.t1-stralsund.de\/blog\/wp-json\/wp\/v2\/pages"}],"about":[{"href":"https:\/\/www.t1-stralsund.de\/blog\/wp-json\/wp\/v2\/types\/page"}],"author":[{"embeddable":true,"href":"https:\/\/www.t1-stralsund.de\/blog\/wp-json\/wp\/v2\/users\/1"}],"replies":[{"embeddable":true,"href":"https:\/\/www.t1-stralsund.de\/blog\/wp-json\/wp\/v2\/comments?post=10"}],"version-history":[{"count":0,"href":"https:\/\/www.t1-stralsund.de\/blog\/wp-json\/wp\/v2\/pages\/10\/revisions"}],"wp:attachment":[{"href":"https:\/\/www.t1-stralsund.de\/blog\/wp-json\/wp\/v2\/media?parent=10"}],"curies":[{"name":"wp","href":"https:\/\/api.w.org\/{rel}","templated":true}]}}