{"id":14,"date":"2013-04-18T14:04:43","date_gmt":"2013-04-18T14:04:43","guid":{"rendered":"https:\/\/www.t1-stralsund.de\/blog\/?page_id=14"},"modified":"2018-08-06T14:16:13","modified_gmt":"2018-08-06T12:16:13","slug":"kontakt","status":"publish","type":"page","link":"https:\/\/www.t1-stralsund.de\/blog\/kontakt\/","title":{"rendered":"Kontakt"},"content":{"rendered":"<p><iframe loading=\"lazy\" width=\"520\" height=\"350\" frameborder=\"0\" scrolling=\"no\" marginheight=\"0\" marginwidth=\"0\" src=\"http:\/\/maps.google.com\/maps?client=firefox-a&amp;q=Heilgeiststr+64+google+maps&amp;ie=UTF8&amp;hq=&amp;hnear=0x47ab63b615b7956b:0x37b99f7a4a36f19,Heilgeiststra%C3%9Fe+64,+D-18439+Stralsund,+Deutschland&amp;daddr=Heilgeiststra%C3%9Fe+64,+D-18439+Stralsund,+Deutschland&amp;t=h&amp;ll=54.314142,13.093335&amp;spn=0.006295,0.010792&amp;output=embed\"><\/iframe><br \/><small><a href=\"http:\/\/maps.google.com\/maps?client=firefox-a&amp;q=Heilgeiststr+64+google+maps&amp;ie=UTF8&amp;hq=&amp;hnear=0x47ab63b615b7956b:0x37b99f7a4a36f19,Heilgeiststra%C3%9Fe+64,+D-18439+Stralsund,+Deutschland&amp;daddr=Heilgeiststra%C3%9Fe+64,+D-18439+Stralsund,+Deutschland&amp;t=h&amp;ll=54.314142,13.093335&amp;spn=0.006295,0.010792&amp;source=embed\" style=\"color:#0000FF;text-align:left\" target=\"_blank\">Gr\u00f6\u00dfere Kartenansicht<\/a><\/small><\/p>\n<h3><span class=\"highlight\">Kontaktieren Sie uns unter info[at]t1-stralsund.de<\/span><\/h3>\n<p>T1 Stralsund | Bar & Lounge<br \/>\nHeilgeiststra\u00dfe 64<br \/>\n18439 Stralsund<\/p>\n<p>Telefon: +49 3831 28 28 111 ab 19:00 Uhr<br \/>\nTelefon: +49 3831 28 28 04 tags\u00fcber<\/p>\n","protected":false},"excerpt":{"rendered":"<p>Gr\u00f6\u00dfere Kartenansicht T1 Stralsund | Bar &#038; Lounge Heilgeiststra\u00dfe 64 18439 Stralsund Telefon: +49 3831 28 28 111 ab 19:00 Uhr Telefon: +49 3831 28 28 04 tags\u00fcber<\/p>\n","protected":false},"author":1,"featured_media":0,"parent":0,"menu_order":0,"comment_status":"closed","ping_status":"closed","template":"full-width.php","meta":{"ngg_post_thumbnail":0,"footnotes":""},"class_list":["post-14","page","type-page","status-publish","hentry"],"_links":{"self":[{"href":"https:\/\/www.t1-stralsund.de\/blog\/wp-json\/wp\/v2\/pages\/14","targetHints":{"allow":["GET"]}}],"collection":[{"href":"https:\/\/www.t1-stralsund.de\/blog\/wp-json\/wp\/v2\/pages"}],"about":[{"href":"https:\/\/www.t1-stralsund.de\/blog\/wp-json\/wp\/v2\/types\/page"}],"author":[{"embeddable":true,"href":"https:\/\/www.t1-stralsund.de\/blog\/wp-json\/wp\/v2\/users\/1"}],"replies":[{"embeddable":true,"href":"https:\/\/www.t1-stralsund.de\/blog\/wp-json\/wp\/v2\/comments?post=14"}],"version-history":[{"count":2,"href":"https:\/\/www.t1-stralsund.de\/blog\/wp-json\/wp\/v2\/pages\/14\/revisions"}],"predecessor-version":[{"id":2214,"href":"https:\/\/www.t1-stralsund.de\/blog\/wp-json\/wp\/v2\/pages\/14\/revisions\/2214"}],"wp:attachment":[{"href":"https:\/\/www.t1-stralsund.de\/blog\/wp-json\/wp\/v2\/media?parent=14"}],"curies":[{"name":"wp","href":"https:\/\/api.w.org\/{rel}","templated":true}]}}