{"id":218,"date":"2013-06-03T22:25:00","date_gmt":"2013-06-03T20:25:00","guid":{"rendered":"https:\/\/www.t1-stralsund.de\/blog\/?page_id=218"},"modified":"2018-08-06T14:12:48","modified_gmt":"2018-08-06T12:12:48","slug":"t1","status":"publish","type":"page","link":"https:\/\/www.t1-stralsund.de\/blog\/t1\/","title":{"rendered":"T1 Stralsund | Bar &amp; Lounge"},"content":{"rendered":"<h1>365 Tage im Jahr ge\u00f6ffnet!<\/h2>\n<p>T1, das ist die Bar & Lounge in Stralsund, die sich durch ihre angenehme Atmosph\u00e4re und stylisch-gem\u00fctlichem Ambiente (mit getrenntem Raucher- und Nichtraucherbereich) zu einer beliebten \"In-Location\" und Treffpunkt f\u00fcr viele Nachtschw\u00e4rmer der Stadt entwickelt hat.<\/p>\n<span class=\"highlight\"> ENJOY YOURSELF - ENJOY T1 <\/span>\n<h2>Ein paar Fakten zu unserer Location:<\/h2>\n<p>2 Bars<br \/>\n150 Sitzpl\u00e4tze<\/p>\n<p>Gro\u00dfe Tanzfl\u00e4che<br \/>\nVIP-Lounge<br \/>\nattraktiver Raucher und Nicht-Raucherbereich<br \/>\nmodernste Technik, Bildschirme, Leinw\u00e4nde<\/p>\n<p>klimatisierte R\u00e4umlichkeiten<\/p>\n<p>Abtrennen von R\u00e4umlichkeiten m\u00f6glich f\u00fcr Geburtstage, Feiern und Firmenveranstaltungen.<\/p>\n<h3><span class=\"highlight\">Jetzt Pl\u00e4tze reservieren unter info[at]t1-stralsund.de<\/span><\/h3>\n","protected":false},"excerpt":{"rendered":"<p>365 Tage im Jahr ge\u00f6ffnet! T1, das ist die Bar &#038; Lounge in Stralsund, die sich durch ihre angenehme Atmosph\u00e4re und stylisch-gem\u00fctlichem Ambiente (mit getrenntem Raucher- und Nichtraucherbereich) zu einer beliebten &#8220;In-Location&#8221; und Treffpunkt f\u00fcr viele Nachtschw\u00e4rmer der Stadt entwickelt hat. Ein paar Fakten zu unserer Location: 2 Bars 150 Sitzpl\u00e4tze Gro\u00dfe Tanzfl\u00e4che VIP-Lounge attraktiver [&hellip;]<\/p>\n","protected":false},"author":1,"featured_media":0,"parent":0,"menu_order":0,"comment_status":"closed","ping_status":"closed","template":"full-width.php","meta":{"ngg_post_thumbnail":0,"footnotes":""},"class_list":["post-218","page","type-page","status-publish","hentry"],"_links":{"self":[{"href":"https:\/\/www.t1-stralsund.de\/blog\/wp-json\/wp\/v2\/pages\/218","targetHints":{"allow":["GET"]}}],"collection":[{"href":"https:\/\/www.t1-stralsund.de\/blog\/wp-json\/wp\/v2\/pages"}],"about":[{"href":"https:\/\/www.t1-stralsund.de\/blog\/wp-json\/wp\/v2\/types\/page"}],"author":[{"embeddable":true,"href":"https:\/\/www.t1-stralsund.de\/blog\/wp-json\/wp\/v2\/users\/1"}],"replies":[{"embeddable":true,"href":"https:\/\/www.t1-stralsund.de\/blog\/wp-json\/wp\/v2\/comments?post=218"}],"version-history":[{"count":1,"href":"https:\/\/www.t1-stralsund.de\/blog\/wp-json\/wp\/v2\/pages\/218\/revisions"}],"predecessor-version":[{"id":2212,"href":"https:\/\/www.t1-stralsund.de\/blog\/wp-json\/wp\/v2\/pages\/218\/revisions\/2212"}],"wp:attachment":[{"href":"https:\/\/www.t1-stralsund.de\/blog\/wp-json\/wp\/v2\/media?parent=218"}],"curies":[{"name":"wp","href":"https:\/\/api.w.org\/{rel}","templated":true}]}}